{"id":6365,"date":"2021-05-26T13:41:54","date_gmt":"2021-05-26T11:41:54","guid":{"rendered":"https:\/\/rooftop.education\/aviso-legal\/"},"modified":"2021-10-05T11:30:27","modified_gmt":"2021-10-05T09:30:27","slug":"aviso-legal","status":"publish","type":"page","link":"https:\/\/rooftop.education\/en\/aviso-legal\/","title":{"rendered":"AVISO LEGAL"},"content":{"rendered":"<section class=\"wpb-content-wrapper\"><p>[vc_row][vc_column][vc_column_text]<\/p>\n<h6 style=\"text-align: center;\"><a href=\"https:\/\/rooftop.education\/es\/condiciones-generales\/\">CONDICIONES GENERALES<\/a> <a href=\"https:\/\/rooftop.education\/en\/cookies-policy\/\">POL\u00cdTICA DE PRIVACIDAD<\/a><\/h6>\n<p>[\/vc_column_text][vc_custom_heading text=&#8221;AVISO LEGAL&#8221; font_container=&#8221;tag:h2|text_align:center|color:%230e3f50&#8243; google_fonts=&#8221;font_family:Montserrat%3Aregular%2C700|font_style:700%20bold%20regular%3A700%3Anormal&#8221;][\/vc_column][\/vc_row][vc_row][vc_column][vc_empty_space height=&#8221;20px&#8221;][\/vc_column][\/vc_row][vc_row][vc_column][vc_custom_heading text=&#8221;\u00a1Bienvenido a ROOFTOP by ZIGURAT!&#8221; font_container=&#8221;tag:h3|text_align:left|color:%230e3f50&#8243; google_fonts=&#8221;font_family:Montserrat%3Aregular%2C700|font_style:700%20bold%20regular%3A700%3Anormal&#8221;][vc_column_text]<\/p>\n<p style=\"font-weight: 400; color: #004052; font-family: Montserrat; line-height: 2;\">Este sitio web (en adelante el \u201cSitio Web\u201d o la \u201cP\u00e1gina Web\u201d) est\u00e1 gestionado por la compa\u00f1\u00eda <strong>ZIGURAT GLOBAL INSTITUTE OF TECHNOLOGY, S.L.<\/strong>\u00a0(en adelante ZIGURAT o ROOFTOP by ZIGURAT), con domicilio en C\/ Almog\u00e0vers 66, 2, 08018 Barcelona, provista de CIF B 62673900, e inscrita en el Registro Mercantil de Barcelona, T33982, F221, H-B237729. Correo electr\u00f3nico <a href=\"info@e-zigurat.com\"><span style=\"font-weight: 400;\">info@e-zigurat.com<\/span><\/a> y tel\u00e9fono <strong>(+34) 911091510.<\/strong><\/p>\n<p style=\"font-weight: 400; color: #004052; font-family: Montserrat; line-height: 2;\">En adelante el t\u00e9rmino \u201cusuario\/s\u201d se referir\u00e1 a toda persona que acceda y\/o navegue en este sitio web, con la finalidad de utilizar y acceder a cualquiera de los servicios y contenidos ofrecidos desde el \u201cSitio Web\u201d.<\/p>\n<p style=\"font-weight: 400; color: #004052; font-family: Montserrat; line-height: 2;\">El acceso, navegaci\u00f3n y utilizaci\u00f3n de este \u201cSitio Web\u201d significa la aceptaci\u00f3n expresa por el Usuario de la totalidad de los t\u00e9rminos y condiciones contenidas en el presente AVISO LEGAL, por ello recomendamos leer atentamente su contenido.<\/p>\n<p style=\"font-weight: 400; color: #004052; font-family: Montserrat; line-height: 2;\">Si no estuvieras de acuerdo con las condiciones y t\u00e9rminos que a continuaci\u00f3n se establecen no deber\u00edas acceder, navegar, registrarte o utilizar este sitio web.<\/p>\n<p>[\/vc_column_text][vc_column_text]<\/p>\n<h2 style=\"font-weight: 600; font-size: 21px; color: #004052; font-family: Montserrat;\">I. Condiciones generales.<\/h2>\n<p style=\"font-weight: 400; color: #004052; font-family: Montserrat; line-height: 2;\"><strong>ROOFTOP BY ZIGURAT<\/strong> podr\u00e1 alterar sin aviso previo, el dise\u00f1o, contenidos, presentaci\u00f3n y\/o configuraci\u00f3n del \u201cSitio Web\u201d, los t\u00e9rminos y condiciones del presente Aviso Legal, as\u00ed como cualquiera o todos los servicios del \u201cSitio Web\u201d.<\/p>\n<h2 style=\"font-weight: 600; font-size: 21px; color: #004052; font-family: Montserrat;\">II. Condiciones de acceso y utilizaci\u00f3n del sitio web.<\/h2>\n<p style=\"font-weight: 400; color: #004052; font-family: Montserrat; line-height: 2;\">Con car\u00e1cter general, el acceso a los contenidos del \u201cSitio Web\u201d es libre y gratuito, no siendo necesario el previo registro de los Usuarios. No obstante, para la compra de los Cursos ofrecidos por el sitio web s\u00ed ser\u00e1 necesario realizar un proceso de registro y aceptar las condiciones generales de contrataci\u00f3n a las que se puede acceder durante todo el proceso de compra, al ubicarse en el pie de p\u00e1gina de este Sitio Web.<\/p>\n<p style=\"font-weight: 400; color: #004052; font-family: Montserrat; line-height: 2;\">Todos los contenidos ofrecidos por el \u201cSitio Web\u201d est\u00e1n sujetos a derechos de autor, aplicando sobre los mismos lo establecido en la secci\u00f3n \u201cDeclaraci\u00f3n de derechos de autor y propiedad intelectual\u201d de este Aviso Legal.<\/p>\n<p style=\"font-weight: 400; color: #004052; font-family: Montserrat; line-height: 2;\">El Usuario se compromete a hacer un uso diligente del \u201cSitio Web\u201d y de los contenidos accesibles desde el mismo, con total sujeci\u00f3n a la Ley, a las buenas costumbres, y al presente Aviso Legal.<\/p>\n<p style=\"font-weight: 400; color: #004052; font-family: Montserrat; line-height: 2;\">El Usuario renunciar\u00e1 a utilizar cualquiera de los materiales e informaciones contenidos en este Sitio Web con fines il\u00edcitos, o que resulten contrarios al presente Aviso Legal, a los derechos e intereses de ROOFTOP BY ZIGURAT y\/o terceros, y deber\u00e1 responder frente a los mismos en caso de contravenir o incumplir dichas obligaciones.<\/p>\n<h2 style=\"font-weight: 600; font-size: 21px; color: #004052; font-family: Montserrat;\">III. Exclusi\u00f3n de garant\u00edas y responsabilidad<\/h2>\n<p style=\"font-weight: 400; color: #004052; font-family: Montserrat; line-height: 2;\">Quien utiliza la P\u00e1gina web y\/o la informaci\u00f3n y contenido proporcionada en la misma lo hace por su propia cuenta y riesgo, debiendo respetar en todo caso las leyes que le resultan de aplicaci\u00f3n. <strong>ROOFTOP BY ZIGURAT<\/strong> no se responsabiliza por los da\u00f1os y perjuicios de cualquier naturaleza que puedan deberse a la falta de exactitud, exhaustividad, contenidos y servicios del Sitio Web.<\/p>\n<p style=\"font-weight: 400; color: #004052; font-family: Montserrat; line-height: 2;\">Asimismo <strong>ROOFTOP BY ZIGURAT<\/strong> no garantiza la disponibilidad, continuidad ni la infalibilidad del funcionamiento del Sitio Web, y en consecuencia excluye, en la m\u00e1xima medida permitida por la legislaci\u00f3n vigente, cualquier responsabilidad por los da\u00f1os y perjuicios de toda naturaleza que puedan deberse a la falta de disponibilidad o de continuidad del funcionamiento del Sitio Web o, as\u00ed como a los errores en el acceso a las distintas p\u00e1ginas a las que pueda accederse a trav\u00e9s del Sitio Web.<\/p>\n<p style=\"font-weight: 400; color: #004052; font-family: Montserrat; line-height: 2;\"><strong>ROOFTOP BY ZIGURAT<\/strong> declina toda responsabilidad por los da\u00f1os inform\u00e1ticos o de otro tipo que pudiera ocasionar al Usuario visitante en el acceso a los contenidos de este Sitio Web. Por ello, ROOFTOP BY ZIGURAT no garantiza la ausencia de virus u otros elementos lesivos en este sitio web, su servidor o los enlaces existentes en el mismo, que pudieran causar da\u00f1os o alteraciones en el sistema inform\u00e1tico, en los documentos electr\u00f3nicos o en los ficheros del Usuario o a terceros.<\/p>\n<h2 style=\"font-weight: 600; font-size: 21px; color: #004052; font-family: Montserrat;\">IV. Enlaces y herramientas de b\u00fasqueda.<\/h2>\n<p style=\"font-weight: 400; color: #004052; font-family: Montserrat; line-height: 2;\">Los sitios web a los que el Usuario pueda acceder por los links, frames o enlaces de este sitio web, son responsabilidad y est\u00e1n gestionados por terceros, por lo que <strong>ROOFTOP BY ZIGURAT<\/strong> no ejerce ning\u00fan tipo de control y en consecuencia no se responsabiliza entre otros, de su contenido, fiabilidad, acceso, archivos y funcionamiento.<\/p>\n<p style=\"font-weight: 400; color: #004052; font-family: Montserrat; line-height: 2;\"><strong>ROOFTOP BY ZIGURAT<\/strong> no asume ninguna responsabilidad sobre la veracidad de la informaci\u00f3n proporcionada desde las p\u00e1ginas web hiperenlazadas desde el Sitio Web, puesto que dicha informaci\u00f3n es proporcionada por terceros.<\/p>\n<p style=\"font-weight: 400; color: #004052; font-family: Montserrat; line-height: 2;\"><strong>ROOFTOP BY ZIGURAT<\/strong> no asume ning\u00fan deber de vigilar ni de verificar las informaciones, servicios de venta o contenidos de los otros sitios web a los que quepa acceder mediante los frames (marco) y\/o hiperenlaces existentes en el Sitio Web.<\/p>\n<h2 style=\"font-weight: 600; font-size: 21px; color: #004052; font-family: Montserrat;\">V. Declaraci\u00f3n de derechos de autor y propiedad industrial del Sitio Web.<\/h2>\n<p style=\"font-weight: 400; color: #004052; font-family: Montserrat; line-height: 2;\">Este Sitio Web se rige por las leyes espa\u00f1olas y se encuentra protegido por la legislaci\u00f3n nacional e internacional sobre propiedad intelectual e industrial.<\/p>\n<p style=\"font-weight: 400; color: #004052; font-family: Montserrat; line-height: 2;\">Quedan reservados todos los derechos de explotaci\u00f3n de propiedad intelectual e industrial sobre todos los contenidos mostrados en el Sitio Web. El acceso y\/o navegaci\u00f3n por el Sitio Web no implica una transmisi\u00f3n de derechos de ning\u00fan tipo o cesi\u00f3n del uso sobre los contenidos mostrados en el Sitio Web, que permanecer\u00e1n en el \u00e1mbito de propiedad de <strong>ROOFTOP BY ZIGURAT<\/strong> o de los terceros leg\u00edtimos propietarios.<\/p>\n<p style=\"font-weight: 400; color: #004052; font-family: Montserrat; line-height: 2;\">Todos los contenidos que se muestran en el Sitio Web y, en especial, los videos, obras audiovisuales, fotograf\u00edas, dise\u00f1os, textos, gr\u00e1ficos, im\u00e1genes, grafismos, logos, iconos, c\u00f3digo, base de datos, nombres comerciales, marcas, dibujos industriales o cualquier otro signo susceptible de utilizaci\u00f3n industrial y comercial est\u00e1n sujetos a derechos de propiedad intelectual e industrial de <strong>ROOFTOP BY ZIGURAT<\/strong> y\/o de terceros titulares de los mismos que han autorizado debidamente su inclusi\u00f3n en el Sitio Web.<\/p>\n<p style=\"font-weight: 400; color: #004052; font-family: Montserrat; line-height: 2;\">Los usuarios que acceden al Sitio Web pueden visualizar la informaci\u00f3n contenida en el mismo y pueden hacer un uso dentro de un \u00e1mbito estrictamente dom\u00e9stico y \u00fanicamente con la finalidad de usar el Sitio Web, quedando terminantemente prohibido su uso en contravenci\u00f3n de las presentes condiciones.<\/p>\n<p style=\"font-weight: 400; color: #004052; font-family: Montserrat; line-height: 2;\">Queda expresamente prohibida la distribuci\u00f3n, modificaci\u00f3n, copia, transformaci\u00f3n, cesi\u00f3n, puesta a disposici\u00f3n del p\u00fablico, de los contenidos antes indicados y cualquier otra actividad sobre los mismos que no haya sido expresamente autorizada por el titular de los derechos de explotaci\u00f3n. El uso no autorizado de los contenidos indicados, materiales, documentos e informaci\u00f3n contenida en el Sitio Web pueden suponer la violaci\u00f3n de la legislaci\u00f3n sobre propiedad intelectual o industrial y de otras normativas aplicables.<\/p>\n<p style=\"font-weight: 400; color: #004052; font-family: Montserrat; line-height: 2;\">El Usuario que proceda al env\u00edo de cualquier tipo de contenidos al Sitio Web -a trav\u00e9s de cualquiera de las v\u00edas de comunicaci\u00f3n facilitadas a tal fin- asegura que ostenta los derechos necesarios para hacerlo. En consecuencia, <strong>ROOFTOP BY ZIGURAT<\/strong> quedar\u00e1 exenta de cualquier responsabilidad o legalidad de los contenidos facilitados.<\/p>\n<p style=\"font-weight: 400; color: #004052; font-family: Montserrat; line-height: 2;\">En el caso que desee formular cualquier sugerencia o comentario en relaci\u00f3n con la presente Declaraci\u00f3n de Derechos de Autor y\/o Propiedad Industrial puede dirigirse a <strong>ROOFTOP BY ZIGURAT<\/strong> a la siguiente direcci\u00f3n de correo electr\u00f3nico: <a href=\"info@e-zigurat.com\"><span style=\"font-weight: 400;\">info@e-zigurat.com<\/span><\/a>.<\/p>\n<h2 style=\"font-weight: 600; font-size: 21px; color: #004052; font-family: Montserrat;\">VI. Legislaci\u00f3n aplicable.<\/h2>\n<p style=\"font-weight: 400; color: #004052; font-family: Montserrat; line-height: 2;\">El presente Aviso Legal se rige en todos y cada uno de sus extremos por la ley espa\u00f1ola. El Usuario se somete, con renuncia expresa a cualquier otro fuero, a los Juzgados y Tribunales de la ciudad de Barcelona, siempre que ello no sea contrario a lo dispuesto en el art\u00edculo 29 de la LSSICE.<\/p>\n<p>[\/vc_column_text][\/vc_column][\/vc_row]<\/p>\n<\/section>","protected":false},"excerpt":{"rendered":"<p>[vc_row][vc_column][vc_column_text] CONDICIONES GENERALES POL\u00cdTICA DE PRIVACIDAD [\/vc_column_text][vc_custom_heading text=&#8221;AVISO LEGAL&#8221; font_container=&#8221;tag:h2|text_align:center|color:%230e3f50&#8243; google_fonts=&#8221;font_family:Montserrat%3Aregular%2C700|font_style:700%20bold%20regular%3A700%3Anormal&#8221;][\/vc_column][\/vc_row][vc_row][vc_column][vc_empty_space height=&#8221;20px&#8221;][\/vc_column][\/vc_row][vc_row][vc_column][vc_custom_heading text=&#8221;\u00a1Bienvenido a ROOFTOP by ZIGURAT!&#8221; font_container=&#8221;tag:h3|text_align:left|color:%230e3f50&#8243; google_fonts=&#8221;font_family:Montserrat%3Aregular%2C700|font_style:700%20bold%20regular%3A700%3Anormal&#8221;][vc_column_text] Este sitio web (en adelante el \u201cSitio Web\u201d o la \u201cP\u00e1gina Web\u201d) est\u00e1 gestionado por la compa\u00f1\u00eda ZIGURAT GLOBAL INSTITUTE OF TECHNOLOGY, S.L.\u00a0(en adelante ZIGURAT o ROOFTOP by ZIGURAT), con domicilio en C\/ Almog\u00e0vers 66, 2, [&hellip;]<\/p>\n","protected":false},"author":14,"featured_media":0,"parent":0,"menu_order":0,"comment_status":"closed","ping_status":"closed","template":"","meta":{"footnotes":""},"yoast_head":"<!-- This site is optimized with the Yoast SEO plugin v23.0 - https:\/\/yoast.com\/wordpress\/plugins\/seo\/ -->\n<title>Aviso Legal | Propiedad Intelectual | RoofTop<\/title>\n<meta name=\"description\" content=\"La totalidad de esta P\u00e1gina est\u00e1 protegida por las leyes sobre Propiedad Intelectual e Industrial. RoofTop by Zigurat\" \/>\n<meta name=\"robots\" content=\"index, follow, max-snippet:-1, max-image-preview:large, max-video-preview:-1\" \/>\n<link rel=\"canonical\" href=\"https:\/\/rooftop.education\/en\/aviso-legal\/\" \/>\n<meta property=\"og:locale\" content=\"en_US\" \/>\n<meta property=\"og:type\" content=\"article\" \/>\n<meta property=\"og:title\" content=\"Aviso Legal | Propiedad Intelectual | RoofTop\" \/>\n<meta property=\"og:description\" content=\"La totalidad de esta P\u00e1gina est\u00e1 protegida por las leyes sobre Propiedad Intelectual e Industrial. RoofTop by Zigurat\" \/>\n<meta property=\"og:url\" content=\"https:\/\/rooftop.education\/en\/aviso-legal\/\" \/>\n<meta property=\"og:site_name\" content=\"RoofTop\" \/>\n<meta property=\"article:modified_time\" content=\"2021-10-05T09:30:27+00:00\" \/>\n<meta name=\"twitter:card\" content=\"summary_large_image\" \/>\n<meta name=\"twitter:label1\" content=\"Est. reading time\" \/>\n\t<meta name=\"twitter:data1\" content=\"6 minutes\" \/>\n<script type=\"application\/ld+json\" class=\"yoast-schema-graph\">{\"@context\":\"https:\/\/schema.org\",\"@graph\":[{\"@type\":\"WebPage\",\"@id\":\"https:\/\/rooftop.education\/en\/aviso-legal\/\",\"url\":\"https:\/\/rooftop.education\/en\/aviso-legal\/\",\"name\":\"Aviso Legal | Propiedad Intelectual | RoofTop\",\"isPartOf\":{\"@id\":\"https:\/\/rooftop.e-zigurat.com\/pt-br\/#website\"},\"datePublished\":\"2021-05-26T11:41:54+00:00\",\"dateModified\":\"2021-10-05T09:30:27+00:00\",\"description\":\"La totalidad de esta P\u00e1gina est\u00e1 protegida por las leyes sobre Propiedad Intelectual e Industrial. RoofTop by Zigurat\",\"breadcrumb\":{\"@id\":\"https:\/\/rooftop.education\/en\/aviso-legal\/#breadcrumb\"},\"inLanguage\":\"en-US\",\"potentialAction\":[{\"@type\":\"ReadAction\",\"target\":[\"https:\/\/rooftop.education\/en\/aviso-legal\/\"]}]},{\"@type\":\"BreadcrumbList\",\"@id\":\"https:\/\/rooftop.education\/en\/aviso-legal\/#breadcrumb\",\"itemListElement\":[{\"@type\":\"ListItem\",\"position\":1,\"name\":\"Portada\",\"item\":\"https:\/\/rooftop.education\/en\/\"},{\"@type\":\"ListItem\",\"position\":2,\"name\":\"AVISO LEGAL\"}]},{\"@type\":\"WebSite\",\"@id\":\"https:\/\/rooftop.e-zigurat.com\/pt-br\/#website\",\"url\":\"https:\/\/rooftop.e-zigurat.com\/pt-br\/\",\"name\":\"RoofTop\",\"description\":\"\",\"publisher\":{\"@id\":\"https:\/\/rooftop.e-zigurat.com\/pt-br\/#organization\"},\"potentialAction\":[{\"@type\":\"SearchAction\",\"target\":{\"@type\":\"EntryPoint\",\"urlTemplate\":\"https:\/\/rooftop.e-zigurat.com\/pt-br\/?s={search_term_string}\"},\"query-input\":\"required name=search_term_string\"}],\"inLanguage\":\"en-US\"},{\"@type\":\"Organization\",\"@id\":\"https:\/\/rooftop.e-zigurat.com\/pt-br\/#organization\",\"name\":\"Rooftop\",\"url\":\"https:\/\/rooftop.e-zigurat.com\/pt-br\/\",\"logo\":{\"@type\":\"ImageObject\",\"inLanguage\":\"en-US\",\"@id\":\"https:\/\/rooftop.e-zigurat.com\/pt-br\/#\/schema\/logo\/image\/\",\"url\":\"https:\/\/rooftop.education\/wp-content\/uploads\/2021\/04\/HD_Rooftop_logo_Color-490x109.png\",\"contentUrl\":\"https:\/\/rooftop.education\/wp-content\/uploads\/2021\/04\/HD_Rooftop_logo_Color-490x109.png\",\"width\":494,\"height\":110,\"caption\":\"Rooftop\"},\"image\":{\"@id\":\"https:\/\/rooftop.e-zigurat.com\/pt-br\/#\/schema\/logo\/image\/\"}}]}<\/script>\n<!-- \/ Yoast SEO plugin. -->","yoast_head_json":{"title":"Aviso Legal | Propiedad Intelectual | RoofTop","description":"La totalidad de esta P\u00e1gina est\u00e1 protegida por las leyes sobre Propiedad Intelectual e Industrial. RoofTop by Zigurat","robots":{"index":"index","follow":"follow","max-snippet":"max-snippet:-1","max-image-preview":"max-image-preview:large","max-video-preview":"max-video-preview:-1"},"canonical":"https:\/\/rooftop.education\/en\/aviso-legal\/","og_locale":"en_US","og_type":"article","og_title":"Aviso Legal | Propiedad Intelectual | RoofTop","og_description":"La totalidad de esta P\u00e1gina est\u00e1 protegida por las leyes sobre Propiedad Intelectual e Industrial. RoofTop by Zigurat","og_url":"https:\/\/rooftop.education\/en\/aviso-legal\/","og_site_name":"RoofTop","article_modified_time":"2021-10-05T09:30:27+00:00","twitter_card":"summary_large_image","twitter_misc":{"Est. reading time":"6 minutes"},"schema":{"@context":"https:\/\/schema.org","@graph":[{"@type":"WebPage","@id":"https:\/\/rooftop.education\/en\/aviso-legal\/","url":"https:\/\/rooftop.education\/en\/aviso-legal\/","name":"Aviso Legal | Propiedad Intelectual | RoofTop","isPartOf":{"@id":"https:\/\/rooftop.e-zigurat.com\/pt-br\/#website"},"datePublished":"2021-05-26T11:41:54+00:00","dateModified":"2021-10-05T09:30:27+00:00","description":"La totalidad de esta P\u00e1gina est\u00e1 protegida por las leyes sobre Propiedad Intelectual e Industrial. RoofTop by Zigurat","breadcrumb":{"@id":"https:\/\/rooftop.education\/en\/aviso-legal\/#breadcrumb"},"inLanguage":"en-US","potentialAction":[{"@type":"ReadAction","target":["https:\/\/rooftop.education\/en\/aviso-legal\/"]}]},{"@type":"BreadcrumbList","@id":"https:\/\/rooftop.education\/en\/aviso-legal\/#breadcrumb","itemListElement":[{"@type":"ListItem","position":1,"name":"Portada","item":"https:\/\/rooftop.education\/en\/"},{"@type":"ListItem","position":2,"name":"AVISO LEGAL"}]},{"@type":"WebSite","@id":"https:\/\/rooftop.e-zigurat.com\/pt-br\/#website","url":"https:\/\/rooftop.e-zigurat.com\/pt-br\/","name":"RoofTop","description":"","publisher":{"@id":"https:\/\/rooftop.e-zigurat.com\/pt-br\/#organization"},"potentialAction":[{"@type":"SearchAction","target":{"@type":"EntryPoint","urlTemplate":"https:\/\/rooftop.e-zigurat.com\/pt-br\/?s={search_term_string}"},"query-input":"required name=search_term_string"}],"inLanguage":"en-US"},{"@type":"Organization","@id":"https:\/\/rooftop.e-zigurat.com\/pt-br\/#organization","name":"Rooftop","url":"https:\/\/rooftop.e-zigurat.com\/pt-br\/","logo":{"@type":"ImageObject","inLanguage":"en-US","@id":"https:\/\/rooftop.e-zigurat.com\/pt-br\/#\/schema\/logo\/image\/","url":"https:\/\/rooftop.education\/wp-content\/uploads\/2021\/04\/HD_Rooftop_logo_Color-490x109.png","contentUrl":"https:\/\/rooftop.education\/wp-content\/uploads\/2021\/04\/HD_Rooftop_logo_Color-490x109.png","width":494,"height":110,"caption":"Rooftop"},"image":{"@id":"https:\/\/rooftop.e-zigurat.com\/pt-br\/#\/schema\/logo\/image\/"}}]}},"_links":{"self":[{"href":"https:\/\/rooftop.education\/en\/wp-json\/wp\/v2\/pages\/6365"}],"collection":[{"href":"https:\/\/rooftop.education\/en\/wp-json\/wp\/v2\/pages"}],"about":[{"href":"https:\/\/rooftop.education\/en\/wp-json\/wp\/v2\/types\/page"}],"author":[{"embeddable":true,"href":"https:\/\/rooftop.education\/en\/wp-json\/wp\/v2\/users\/14"}],"replies":[{"embeddable":true,"href":"https:\/\/rooftop.education\/en\/wp-json\/wp\/v2\/comments?post=6365"}],"version-history":[{"count":3,"href":"https:\/\/rooftop.education\/en\/wp-json\/wp\/v2\/pages\/6365\/revisions"}],"predecessor-version":[{"id":7233,"href":"https:\/\/rooftop.education\/en\/wp-json\/wp\/v2\/pages\/6365\/revisions\/7233"}],"wp:attachment":[{"href":"https:\/\/rooftop.education\/en\/wp-json\/wp\/v2\/media?parent=6365"}],"curies":[{"name":"wp","href":"https:\/\/api.w.org\/{rel}","templated":true}]}}