{"id":3,"date":"2021-03-03T08:50:08","date_gmt":"2021-03-03T08:50:08","guid":{"rendered":"https:\/\/rooftop.education\/?page_id=3"},"modified":"2021-06-16T13:27:43","modified_gmt":"2021-06-16T11:27:43","slug":"politica-privacidad","status":"publish","type":"page","link":"https:\/\/rooftop.education\/es\/politica-privacidad\/","title":{"rendered":"Pol\u00edtica de privacidad"},"content":{"rendered":"<section class=\"wpb-content-wrapper\"><p>[vc_row][vc_column][vc_column_text]<\/p>\n<h6 style=\"text-align: center;\"><a href=\"https:\/\/rooftop.education\/es\/aviso-legal\/\">AVISO LEGAL<\/a> <a href=\"https:\/\/rooftop.education\/es\/condiciones-generales\/\">CONDICIONES GENERALES<\/a> <a href=\"https:\/\/rooftop.education\/es\/politica-de-cookies-2\/\">POL\u00cdTICA DE COOKIES<\/a><\/h6>\n<p>[\/vc_column_text][vc_custom_heading text=\u00bbPol\u00edtica de Privacidad\u00bb font_container=\u00bbtag:h2|text_align:center|color:%230e3f50&#8243; use_theme_fonts=\u00bbyes\u00bb][\/vc_column][\/vc_row][vc_row][vc_column][vc_empty_space height=\u00bb20px\u00bb][\/vc_column][\/vc_row][vc_row][vc_column][vc_column_text]<\/p>\n<h2 style=\"font-weight: 600; font-size: 24px; color: #004052; font-family: Montserrat;\">1.\u00a0 IDENTIFICACI\u00d3N DEL TITULAR<\/h2>\n<p style=\"font-weight: 400; color: #004052; font-family: Montserrat; line-height: 2;\"><strong>Rooftop by ZIGURAT GLOBAL INSTITUTE OF TECHNOLOGY, S.L.<\/strong>, el titular del sitio web que Usted visita, siendo el Responsable del tratamiento de los datos personales del Usuario, por lo que \u00a0en el tratamiento de sus datos de car\u00e1cter personal, garantiza el cumplimiento de la normativa vigente en materia de protecci\u00f3n de datos LOPD y RGPD, as\u00ed como a la normativa sobre Servicios de la Sociedad de la Informaci\u00f3n y el Comercio Electr\u00f3nico (LSSICE o LSSI), por lo que se facilita la siguiente informaci\u00f3n del tratamiento.<\/p>\n<p><span style=\"font-weight: 400; color: #004052; font-family: Montserrat; line-height: 1.5;\">Esta pol\u00edtica de privacidad establece la forma y proporciona la informaci\u00f3n necesaria sobre la gesti\u00f3n y el tratamiento de los datos personales recogidos en esta web.<strong> El usuario deber\u00e1 <b>leerla y aceptarla<\/b><b> antes de seguir en la misma.<\/b><\/strong><\/span><\/p>\n<h2 style=\"font-weight: 600; font-size: 24px; color: #004052; font-family: Montserrat;\">2. MENORES<\/h2>\n<p style=\"font-weight: 400; color: #004052; font-family: Montserrat; line-height: 1.5;\">Queda prohibido el acceso y uso de este sitio Web a los menores de 18 a\u00f1os que no est\u00e9n debidamente autorizados. <strong>Rooftop by ZIGURAT GLOBAL INSTITUTE OF TECHNOLOGY, S.L. <\/strong> entiende que desde el momento en que un menor accede a esta Web, cuenta con el permiso de sus padres, de su tutor o de su representante legal.<\/p>\n<p style=\"font-weight: 400; color: #004052; font-family: Montserrat; line-height: 1.5;\"><strong>Rooftop by ZIGURAT GLOBAL INSTITUTE OF TECHNOLOGY, S.L. <\/strong>informa que existen programas inform\u00e1ticos para acotar la navegaci\u00f3n mediante el filtro o bloqueo a determinados contenidos.<\/p>\n<h2 style=\"font-weight: 600; font-size: 24px; color: #004052; font-family: Montserrat;\">3. ENV\u00cdO Y REGISTRO DE DATOS PERSONALES.<\/h2>\n<p style=\"font-weight: 400; color: #004052; font-family: Montserrat; line-height: 1.5;\">El env\u00edo de datos de car\u00e1cter personal es obligatorio para solicitar informaci\u00f3n, contactar, suscribirse a nuestros boletines y\/o realizar operaciones comerciales o mercantiles con <strong> Rooftop by ZIGURAT GLOBAL INSTITUTE OF TECHNOLOGY, S.L. <\/strong>\u00a0No facilitar los datos personales solicitados o el no aceptar la presente pol\u00edtica de protecci\u00f3n de datos supone la imposibilidad de llevar a cabo las solicitudes realizadas por el interesado o suscribirse a nuestros boletines.<\/p>\n<p>[\/vc_column_text][vc_column_text]<\/p>\n<h2 style=\"font-weight: 600; font-size: 24px; color: #004052; font-family: Montserrat;\">4. FINALIDAD DEL TRATAMIENTO DE DATOS<\/h2>\n<p><span style=\"font-weight: 400; color: #004052; font-family: Montserrat; line-height: 2;\">Los datos que le solicitamos en todo momento, son los adecuados, pertinentes y estrictamente necesarios para la finalidad para la que se recogen. Como usuario nos certifica que todos los datos que nos env\u00ede o proporcione a trav\u00e9s de estos formularios son ciertos, veraces y pertinentes para la finalidad que han sido solicitados.<strong> En funci\u00f3n del formulario o apartado al que acceda, la informaci\u00f3n que nos proporcione se utilizar\u00e1 para las finalidades descritas a continuaci\u00f3n:<\/strong><\/span><\/p>\n<ol>\n<li><span style=\"font-weight: 400; color: #004052; font-family: Montserrat; line-height: 2;\">Las que particularmente indiquemos en cada una de las p\u00e1ginas donde aparezca el formulario de electr\u00f3nico de registro, contacto, consulta o similar.<\/span><\/li>\n<li><span style=\"font-weight: 400; color: #004052; font-family: Montserrat; line-height: 2;\">Atender sus solicitudes e informar sobre nuestros servicios, encargos o cualquier tipo de petici\u00f3n que realice a trav\u00e9s de cualquiera de las formas de contacto de nuestra web.<\/span><\/li>\n<li><span style=\"font-weight: 400; color: #004052; line-height: 2;\">Para facilitar a nuestros usuarios la suscripci\u00f3n a nuestras publicaciones, noticias peri\u00f3dicas o blog.<\/span><\/li>\n<li><span style=\"font-weight: 400; font-family: Montserrat; line-height: 2;\">Para poder elaborar estad\u00edsticas con fines comerciales.<\/span><\/li>\n<li><span style=\"font-weight: 400; color: #004052; font-family: Montserrat; line-height: 2;\">Para enviar comunicaciones comerciales propias relacionadas con nuestros productos, servicios, novedades o promociones, a trav\u00e9s de cualquier medio electr\u00f3nico, postal o telef\u00f3nico, as\u00ed como de empresas que colaboren con<strong> Rooftop by ZIGURAT GLOBAL INSTITUTE OF TECHNOLOGY, S.L. <\/strong> Estos terceros nunca tendr\u00e1n acceso a sus datos personales, y estas comunicaciones siempre ser\u00e1n sobre productos y servicios relacionados con nuestro sector.<\/span><\/li>\n<li style=\"font-weight: 400; color: #004052; font-family: Montserrat;\"><span style=\"font-weight: 400; font-family: Montserrat; line-height: 2;\">Para facilitar el hacerse seguidor de los perfiles de\u00a0<\/span><b>Rooftop by ZIGURAT GLOBAL INSTITUTE OF TECHNOLOGY, S.L. <\/b><span style=\"font-weight: 400; color: #004052; line-height: 2;\">\u00a0en\u00a0las redes sociales que enlazan en nuestra web. A este respecto queremos que conozca que el tratamiento de sus datos personales dentro del entorno de estas redes sociales, se regir\u00e1 por las pol\u00edticas de privacidad de estas redes sociales. <\/span><\/li>\n<\/ol>\n<p><span style=\"font-weight: 400; color: #004052; font-family: Montserrat; line-height: 2;\">Por lo que el ejercicios de derechos por parte de <strong>Rooftop by ZIGURAT GLOBAL INSTITUTE OF TECHNOLOGY, S.L. <\/strong>\u00a0quedar\u00e1 limitado a aquellas que permita la red social de que se trate, por lo que recomendamos que antes de seguir nuestros perfiles en redes sociales revise las condiciones de uso y pol\u00edticas de privacidad de estas redes sociales.<\/span><\/p>\n<h2 style=\"font-weight: 600; font-size: 24px; color: #004052; font-family: Montserrat;\">5. CONFIDENCIALIDAD Y CESI\u00d3N DE DATOS<\/h2>\n<p><span style=\"font-weight: 400; color: #004052; font-family: Montserrat; line-height: 2;\">Sus datos ser\u00e1n tratados con el m\u00e1ximo celo por todos nuestros colaboradores o empleados en cualquier fase de los servicios que prestamos, siendo sus datos utilizados exclusivamente con las finalidades que le hemos indicado anteriormente. Ser\u00e1n conservados por el tiempo indispensable para llevar a cabo las finalidades descritas y para cumplir la legislaci\u00f3n vigente. En el caso de aceptar el env\u00edo de comunicaciones comerciales sus datos ser\u00e1n conservados mientras no solicite su cancelaci\u00f3n.<\/span><\/p>\n<p><span style=\"font-weight: 400; color: #004052; font-family: Montserrat; line-height: 2;\"><strong>Rooftop by ZIGURAT GLOBAL INSTITUTE OF TECHNOLOGY, S.L.,<\/strong> le garantiza que sus datos no ser\u00e1n cedidos ni comunicados a ning\u00fan tercero, excepto en los casos legalmente previstos y en el caso en que dicha cesi\u00f3n se encuentre amparada por la legislaci\u00f3n, o bien sea imprescindible para poder cumplir el servicio solicitado y\/o contratado. En el caso de ceder sus datos fuera de estos supuestos le solicitaremos su autorizaci\u00f3n expresamente.<\/span><\/p>\n<p><span style=\"font-weight: 400; color: #004052; font-family: Montserrat; line-height: 2;\">No existen transferencias internacionales de datos.<\/span>[\/vc_column_text][vc_column_text]<\/p>\n<h2 style=\"font-weight: 600; font-size: 24px; color: #004052; font-family: Montserrat;\">6. INCORPORACI\u00d3N DE DATOS DE TERCEROS<\/h2>\n<p><span style=\"font-weight: 400; color: #004052; font-family: Montserrat; line-height: 2;\">En el caso de que nos facilite datos de car\u00e1cter personal de terceras personas, declara que se encuentra autorizado por esas personas para facilitar sus datos, y declara que les ha informado previamente de todo lo que recoge la presente pol\u00edtica de privacidad, especialmente de los datos nuestra empresa y de c\u00f3mo ejercer los derechos que la ley les otorga. <strong>En ese sentido Rooftop by ZIGURAT GLOBAL INSTITUTE OF TECHNOLOGY, S.L., no asume ninguna responsabilidad sobre los datos de estos terceros que nos facilite, siendo su exclusiva responsabilidad contar con la autorizaci\u00f3n anticipada y proporcionar la informaci\u00f3n necesaria a los interesados.<\/strong><\/span><\/p>\n<h2 style=\"font-weight: 600; font-size: 24px; color: #004052; font-family: Montserrat;\">7. EJERCICIO DE DERECHOS<\/h2>\n<p><span style=\"font-weight: 400; color: #004052; font-family: Montserrat; line-height: 2;\">En todo momento, nos podr\u00e1 remitir una comunicaci\u00f3n por escrito al domicilio social de <strong>Rooftop by ZIGURAT GLOBAL INSTITUTE OF TECHNOLOGY, S.L.<\/strong> o al correo electr\u00f3nico que figura en nuestra web incluyendo fotocopia de su DNI u otro documento que nos permita identificarle, en caso de querer ejercer sus derechos de protecci\u00f3n de datos personales. Los derechos que puede ejercer son los siguientes:<\/span><\/p>\n<ol>\n<li style=\"font-weight: 400; color: #004052; font-family: Montserrat;\"><span style=\"font-weight: 400; line-height: 2;\">Derecho de acceso, rectificaci\u00f3n, portabilidad y supresi\u00f3n de sus datos, as\u00ed como la limitaci\u00f3n u oposici\u00f3n a su tratamiento.<\/span><\/li>\n<li style=\"font-weight: 400; color: #004052; font-family: Montserrat; line-height: 2;\"><span style=\"font-weight: 400; line-height: 2;\">Derecho a realizar una reclamaci\u00f3n ante la autoridad de control, en este caso, la <\/span><b>Agencia Espa\u00f1ola de Protecci\u00f3n de Datos,<\/b><span style=\"font-weight: 400; font-family: Montserrat; line-height: 2;\"> si lo considera oportuno.<\/span><\/li>\n<li style=\"font-weight: 400; color: #004052; font-family: Montserrat; line-height: 2;\"><span style=\"font-weight: 400; line-height: 2;\">Derecho a cursar baja en nuestros servicios de subscripci\u00f3n, enviando un correo electr\u00f3nico a: <\/span><a href=\"mailto:info@e-zigurat.com\"><b>info@e-zigurat.com<\/b><\/a> <span style=\"font-weight: 400; color: #004052; font-family: Montserrat; line-height: 2;\">indicando en su solicitud: <\/span><b>BAJA SUSCRIPCI\u00d3N.<\/b><\/li>\n<li style=\"font-weight: 400; color: #004052; font-family: Montserrat; line-height: 2;\"><span style=\"font-weight: 400; line-height: 2;\">Derecho a revocar el consentimiento prestado para el tratamiento de sus datos en cualquier momento siempre que sea posible. Si bien esta revocaci\u00f3n en ning\u00fan caso tendr\u00e1 car\u00e1cter retroactivo.\u00a0\u00a0<\/span><\/li>\n<\/ol>\n<p>[\/vc_column_text][vc_column_text]<\/p>\n<h2 style=\"font-weight: 600; font-size: 24px; color: #004052; font-family: Montserrat;\">8. ACEPTACI\u00d3N Y CONSENTIMIENTO<\/h2>\n<p><span style=\"font-weight: 400; color: #004052; font-family: Montserrat; line-height: 2;\">Mediante la marcaci\u00f3n obligatoria de las casillas de aceptaci\u00f3n de nuestra \u201cPol\u00edtica de Privacidad\u201d y \u201cAviso Legal\u201d \u00a0y la entrada de datos en los campos de nuestros formularios, el usuario acepta expresamente y de forma libre e inequ\u00edvoca, que sus datos son necesarios para atender su petici\u00f3n, declarando haber sido informado de las condiciones sobre protecci\u00f3n de datos de car\u00e1cter personal, aceptando y por tanto consintiendo el tratamiento de sus datos por parte de <strong>ZIGURAT GLOBAL INSTITUTE OF TECHNOLOGY, S.L.,<\/strong> en la forma y para las finalidades indicadas en la presente Pol\u00edtica de Privacidad. <\/span><\/p>\n<h2 style=\"font-weight: 600; font-size: 24px; color: #004052; font-family: Montserrat;\">9. MEDIDAS DE SEGURIDAD<\/h2>\n<p><span style=\"font-weight: 400; color: #004052; font-family: Montserrat; line-height: 2;\"><strong>Rooftop by ZIGURAT GLOBAL INSTITUTE OF TECHNOLOGY, S.L. <\/strong> ha adoptado todas las medidas t\u00e9cnicas y organizativas necesarias para garantizar la seguridad de los datos personales que nos proporcione. Evitando as\u00ed su alteraci\u00f3n, p\u00e9rdida, \u00a0tratamientos o accesos no autorizados. <strong>No obstante, lo anterior, el usuario reconoce y acepta que las medidas de seguridad en Internet no son seguras al 100 %.<\/strong><\/span>[\/vc_column_text][\/vc_column][\/vc_row]<\/p>\n<\/section>","protected":false},"excerpt":{"rendered":"<p>[vc_row][vc_column][vc_column_text] AVISO LEGAL CONDICIONES GENERALES POL\u00cdTICA DE COOKIES [\/vc_column_text][vc_custom_heading text=\u00bbPol\u00edtica de Privacidad\u00bb font_container=\u00bbtag:h2|text_align:center|color:%230e3f50&#8243; use_theme_fonts=\u00bbyes\u00bb][\/vc_column][\/vc_row][vc_row][vc_column][vc_empty_space height=\u00bb20px\u00bb][\/vc_column][\/vc_row][vc_row][vc_column][vc_column_text] 1.\u00a0 IDENTIFICACI\u00d3N DEL TITULAR Rooftop by ZIGURAT GLOBAL INSTITUTE OF TECHNOLOGY, S.L., el titular del sitio web que Usted visita, siendo el Responsable del tratamiento de los datos personales del Usuario, por lo que \u00a0en el tratamiento de sus datos [&hellip;]<\/p>\n","protected":false},"author":1,"featured_media":0,"parent":0,"menu_order":0,"comment_status":"closed","ping_status":"open","template":"","meta":{"footnotes":""},"yoast_head":"<!-- This site is optimized with the Yoast SEO plugin v23.0 - https:\/\/yoast.com\/wordpress\/plugins\/seo\/ -->\n<title>Pol\u00edtica de privacidad - RoofTop<\/title>\n<meta name=\"robots\" content=\"index, follow, max-snippet:-1, max-image-preview:large, max-video-preview:-1\" \/>\n<link rel=\"canonical\" href=\"https:\/\/rooftop.education\/es\/politica-privacidad\/\" \/>\n<meta property=\"og:locale\" content=\"es_ES\" \/>\n<meta property=\"og:type\" content=\"article\" \/>\n<meta property=\"og:title\" content=\"Pol\u00edtica de privacidad - RoofTop\" \/>\n<meta property=\"og:description\" content=\"[vc_row][vc_column][vc_column_text] AVISO LEGAL CONDICIONES GENERALES POL\u00cdTICA DE COOKIES [\/vc_column_text][vc_custom_heading text=\u00bbPol\u00edtica de Privacidad\u00bb font_container=\u00bbtag:h2|text_align:center|color:%230e3f50&#8243; use_theme_fonts=\u00bbyes\u00bb][\/vc_column][\/vc_row][vc_row][vc_column][vc_empty_space height=\u00bb20px\u00bb][\/vc_column][\/vc_row][vc_row][vc_column][vc_column_text] 1.\u00a0 IDENTIFICACI\u00d3N DEL TITULAR Rooftop by ZIGURAT GLOBAL INSTITUTE OF TECHNOLOGY, S.L., el titular del sitio web que Usted visita, siendo el Responsable del tratamiento de los datos personales del Usuario, por lo que \u00a0en el tratamiento de sus datos [&hellip;]\" \/>\n<meta property=\"og:url\" content=\"https:\/\/rooftop.education\/es\/politica-privacidad\/\" \/>\n<meta property=\"og:site_name\" content=\"RoofTop\" \/>\n<meta property=\"article:modified_time\" content=\"2021-06-16T11:27:43+00:00\" \/>\n<meta name=\"twitter:card\" content=\"summary_large_image\" \/>\n<meta name=\"twitter:label1\" content=\"Tiempo de lectura\" \/>\n\t<meta name=\"twitter:data1\" content=\"6 minutos\" \/>\n<script type=\"application\/ld+json\" class=\"yoast-schema-graph\">{\"@context\":\"https:\/\/schema.org\",\"@graph\":[{\"@type\":\"WebPage\",\"@id\":\"https:\/\/rooftop.education\/es\/politica-privacidad\/\",\"url\":\"https:\/\/rooftop.education\/es\/politica-privacidad\/\",\"name\":\"Pol\u00edtica de privacidad - RoofTop\",\"isPartOf\":{\"@id\":\"https:\/\/rooftop.e-zigurat.com\/pt-br\/#website\"},\"datePublished\":\"2021-03-03T08:50:08+00:00\",\"dateModified\":\"2021-06-16T11:27:43+00:00\",\"breadcrumb\":{\"@id\":\"https:\/\/rooftop.education\/es\/politica-privacidad\/#breadcrumb\"},\"inLanguage\":\"es\",\"potentialAction\":[{\"@type\":\"ReadAction\",\"target\":[\"https:\/\/rooftop.education\/es\/politica-privacidad\/\"]}]},{\"@type\":\"BreadcrumbList\",\"@id\":\"https:\/\/rooftop.education\/es\/politica-privacidad\/#breadcrumb\",\"itemListElement\":[{\"@type\":\"ListItem\",\"position\":1,\"name\":\"Portada\",\"item\":\"https:\/\/rooftop.education\/es\/\"},{\"@type\":\"ListItem\",\"position\":2,\"name\":\"Pol\u00edtica de privacidad\"}]},{\"@type\":\"WebSite\",\"@id\":\"https:\/\/rooftop.e-zigurat.com\/pt-br\/#website\",\"url\":\"https:\/\/rooftop.e-zigurat.com\/pt-br\/\",\"name\":\"RoofTop\",\"description\":\"\",\"publisher\":{\"@id\":\"https:\/\/rooftop.e-zigurat.com\/pt-br\/#organization\"},\"potentialAction\":[{\"@type\":\"SearchAction\",\"target\":{\"@type\":\"EntryPoint\",\"urlTemplate\":\"https:\/\/rooftop.e-zigurat.com\/pt-br\/?s={search_term_string}\"},\"query-input\":\"required name=search_term_string\"}],\"inLanguage\":\"es\"},{\"@type\":\"Organization\",\"@id\":\"https:\/\/rooftop.e-zigurat.com\/pt-br\/#organization\",\"name\":\"Rooftop\",\"url\":\"https:\/\/rooftop.e-zigurat.com\/pt-br\/\",\"logo\":{\"@type\":\"ImageObject\",\"inLanguage\":\"es\",\"@id\":\"https:\/\/rooftop.e-zigurat.com\/pt-br\/#\/schema\/logo\/image\/\",\"url\":\"https:\/\/rooftop.education\/wp-content\/uploads\/2021\/04\/HD_Rooftop_logo_Color-490x109.png\",\"contentUrl\":\"https:\/\/rooftop.education\/wp-content\/uploads\/2021\/04\/HD_Rooftop_logo_Color-490x109.png\",\"width\":494,\"height\":110,\"caption\":\"Rooftop\"},\"image\":{\"@id\":\"https:\/\/rooftop.e-zigurat.com\/pt-br\/#\/schema\/logo\/image\/\"}}]}<\/script>\n<!-- \/ Yoast SEO plugin. -->","yoast_head_json":{"title":"Pol\u00edtica de privacidad - RoofTop","robots":{"index":"index","follow":"follow","max-snippet":"max-snippet:-1","max-image-preview":"max-image-preview:large","max-video-preview":"max-video-preview:-1"},"canonical":"https:\/\/rooftop.education\/es\/politica-privacidad\/","og_locale":"es_ES","og_type":"article","og_title":"Pol\u00edtica de privacidad - RoofTop","og_description":"[vc_row][vc_column][vc_column_text] AVISO LEGAL CONDICIONES GENERALES POL\u00cdTICA DE COOKIES [\/vc_column_text][vc_custom_heading text=\u00bbPol\u00edtica de Privacidad\u00bb font_container=\u00bbtag:h2|text_align:center|color:%230e3f50&#8243; use_theme_fonts=\u00bbyes\u00bb][\/vc_column][\/vc_row][vc_row][vc_column][vc_empty_space height=\u00bb20px\u00bb][\/vc_column][\/vc_row][vc_row][vc_column][vc_column_text] 1.\u00a0 IDENTIFICACI\u00d3N DEL TITULAR Rooftop by ZIGURAT GLOBAL INSTITUTE OF TECHNOLOGY, S.L., el titular del sitio web que Usted visita, siendo el Responsable del tratamiento de los datos personales del Usuario, por lo que \u00a0en el tratamiento de sus datos [&hellip;]","og_url":"https:\/\/rooftop.education\/es\/politica-privacidad\/","og_site_name":"RoofTop","article_modified_time":"2021-06-16T11:27:43+00:00","twitter_card":"summary_large_image","twitter_misc":{"Tiempo de lectura":"6 minutos"},"schema":{"@context":"https:\/\/schema.org","@graph":[{"@type":"WebPage","@id":"https:\/\/rooftop.education\/es\/politica-privacidad\/","url":"https:\/\/rooftop.education\/es\/politica-privacidad\/","name":"Pol\u00edtica de privacidad - RoofTop","isPartOf":{"@id":"https:\/\/rooftop.e-zigurat.com\/pt-br\/#website"},"datePublished":"2021-03-03T08:50:08+00:00","dateModified":"2021-06-16T11:27:43+00:00","breadcrumb":{"@id":"https:\/\/rooftop.education\/es\/politica-privacidad\/#breadcrumb"},"inLanguage":"es","potentialAction":[{"@type":"ReadAction","target":["https:\/\/rooftop.education\/es\/politica-privacidad\/"]}]},{"@type":"BreadcrumbList","@id":"https:\/\/rooftop.education\/es\/politica-privacidad\/#breadcrumb","itemListElement":[{"@type":"ListItem","position":1,"name":"Portada","item":"https:\/\/rooftop.education\/es\/"},{"@type":"ListItem","position":2,"name":"Pol\u00edtica de privacidad"}]},{"@type":"WebSite","@id":"https:\/\/rooftop.e-zigurat.com\/pt-br\/#website","url":"https:\/\/rooftop.e-zigurat.com\/pt-br\/","name":"RoofTop","description":"","publisher":{"@id":"https:\/\/rooftop.e-zigurat.com\/pt-br\/#organization"},"potentialAction":[{"@type":"SearchAction","target":{"@type":"EntryPoint","urlTemplate":"https:\/\/rooftop.e-zigurat.com\/pt-br\/?s={search_term_string}"},"query-input":"required name=search_term_string"}],"inLanguage":"es"},{"@type":"Organization","@id":"https:\/\/rooftop.e-zigurat.com\/pt-br\/#organization","name":"Rooftop","url":"https:\/\/rooftop.e-zigurat.com\/pt-br\/","logo":{"@type":"ImageObject","inLanguage":"es","@id":"https:\/\/rooftop.e-zigurat.com\/pt-br\/#\/schema\/logo\/image\/","url":"https:\/\/rooftop.education\/wp-content\/uploads\/2021\/04\/HD_Rooftop_logo_Color-490x109.png","contentUrl":"https:\/\/rooftop.education\/wp-content\/uploads\/2021\/04\/HD_Rooftop_logo_Color-490x109.png","width":494,"height":110,"caption":"Rooftop"},"image":{"@id":"https:\/\/rooftop.e-zigurat.com\/pt-br\/#\/schema\/logo\/image\/"}}]}},"_links":{"self":[{"href":"https:\/\/rooftop.education\/es\/wp-json\/wp\/v2\/pages\/3"}],"collection":[{"href":"https:\/\/rooftop.education\/es\/wp-json\/wp\/v2\/pages"}],"about":[{"href":"https:\/\/rooftop.education\/es\/wp-json\/wp\/v2\/types\/page"}],"author":[{"embeddable":true,"href":"https:\/\/rooftop.education\/es\/wp-json\/wp\/v2\/users\/1"}],"replies":[{"embeddable":true,"href":"https:\/\/rooftop.education\/es\/wp-json\/wp\/v2\/comments?post=3"}],"version-history":[{"count":0,"href":"https:\/\/rooftop.education\/es\/wp-json\/wp\/v2\/pages\/3\/revisions"}],"wp:attachment":[{"href":"https:\/\/rooftop.education\/es\/wp-json\/wp\/v2\/media?parent=3"}],"curies":[{"name":"wp","href":"https:\/\/api.w.org\/{rel}","templated":true}]}}