{"id":6123,"date":"2021-05-26T13:42:29","date_gmt":"2021-05-26T11:42:29","guid":{"rendered":"https:\/\/rooftop.education\/?page_id=6123"},"modified":"2021-10-22T14:22:22","modified_gmt":"2021-10-22T12:22:22","slug":"politica-de-privacidad","status":"publish","type":"page","link":"https:\/\/rooftop.education\/es\/politica-de-privacidad\/","title":{"rendered":"POL\u00cdTICA DE PRIVACIDAD"},"content":{"rendered":"<section class=\"wpb-content-wrapper\"><p>[vc_row][vc_column][vc_column_text]<\/p>\n<h6 style=\"text-align: center;\"><a href=\"https:\/\/rooftop.education\/es\/aviso-legal\/\">AVISO LEGAL<\/a> <a href=\"https:\/\/rooftop.education\/es\/condiciones-generales\/\">CONDICIONES GENERALES<\/a><\/h6>\n<p>[\/vc_column_text][vc_custom_heading text=\u00bbPOL\u00cdTICA DE PRIVACIDAD\u00bb font_container=\u00bbtag:h2|text_align:center|color:%230e3f50&#8243; google_fonts=\u00bbfont_family:Montserrat%3Aregular%2C700|font_style:700%20bold%20regular%3A700%3Anormal\u00bb][\/vc_column][\/vc_row][vc_row][vc_column][vc_empty_space height=\u00bb20px\u00bb][\/vc_column][\/vc_row][vc_row][vc_column][vc_column_text]<\/p>\n<h2 style=\"font-weight: 600; font-size: 24px; color: #004052; font-family: Montserrat;\">INFORMACI\u00d3N SOBRE NUESTRA POL\u00cdTICA DE PROTECCI\u00d3N DE DATOS DE CAR\u00c1CTER PERSONAL<\/h2>\n<p style=\"font-weight: 400; color: #004052; font-family: Montserrat; line-height: 2;\">De conformidad con los dispuesto en el REGLAMENTO (UE) 2016\/679 DEL PARLAMENTO EUROPEO Y DEL CONSEJO de 27 de abril de 2016 relativo a la protecci\u00f3n de las personas f\u00edsicas en lo que respecta al tratamiento de datos personales y a la libre circulaci\u00f3n de estos datos y por el que se deroga la Directiva 95\/46\/CE y la Ley Org\u00e1nica 3\/2018, de 5 de diciembre, de Protecci\u00f3n de Datos Personales y garant\u00eda de los derechos digitales se informa de lo siguiente:.<\/p>\n<p style=\"font-weight: 400; color: #004052; font-family: Montserrat; line-height: 2;\"><strong>RESPONSABLE DEL TRATAMIENTO: \u00bfQui\u00e9n es el responsable de tus datos?<\/strong><\/p>\n<p style=\"font-weight: 400; color: #004052; font-family: Montserrat; line-height: 2;\">Responsable: <strong>Zigurat Global Institute of Technology, SL (en Adelante tambi\u00e9n ZIGURAT o ROOFTOP by ZIGURAT)<\/strong><br \/>\nDomicilio: <strong>C\/ALMOGAVERS, 66. 08018-BARCELONA<\/strong><br \/>\nTel\u00e9fono: <strong>(+34) 933 00 12 10<\/strong><br \/>\nE-mail: <strong><a href=\"info@e-zigurat.com\">info@e-zigurat.com<\/a><\/strong><\/p>\n<p style=\"font-weight: 400; color: #004052; font-family: Montserrat; line-height: 2;\"><strong>CATEGOR\u00cdAS DE DATOS Y FINALIDADES DEL TRATAMIENTO: \u00bfQu\u00e9 tipo de datos tratamos?<\/strong><\/p>\n<p style=\"font-weight: 400; color: #004052; font-family: Montserrat; line-height: 2;\">Tratamos los datos del Alumno y que son los que solicitamos para crear la Cuenta de usuario y ejecutar el proceso de compra. Los datos que se solicitar\u00e1n son los siguientes: nombre y apellidos, edad\/fecha de nacimiento, profesi\u00f3n, direcci\u00f3n, tel\u00e9fono, e-mail, datos bancarios, en su caso.<\/p>\n<p style=\"font-weight: 400; color: #004052; font-family: Montserrat; line-height: 2;\"><strong>FINALIDAD: \u00bfPara qu\u00e9 trataremos tus datos?<\/strong><\/p>\n<p style=\"font-weight: 400; color: #004052; font-family: Montserrat; line-height: 2;\">Los datos facilitados ser\u00e1n tratados con las siguientes finalidades y en aplicaci\u00f3n a la siguiente base legal:<\/p>\n<p>[\/vc_column_text][vc_column_text]<\/p>\n<table style=\"width: 100%; border: 1px solid black; border-collapse: collapse; color: #004052;\">\n<tbody>\n<tr>\n<th style=\"border: 1px solid black; padding: 15px; font-weight: 400; color: #004052; font-family: Montserrat; line-height: 2;\">Finalidad del tratamiento<\/th>\n<th style=\"border: 1px solid black; padding: 15px; font-weight: 400; color: #004052; font-family: Montserrat; line-height: 2;\">Base legal del tratamiento<\/th>\n<th style=\"border: 1px solid black; padding: 15px; font-weight: 400; color: #004052; font-family: Montserrat; line-height: 2;\">Explicaci\u00f3n<\/th>\n<\/tr>\n<tr>\n<td style=\"border: 1px solid black; padding: 15px; font-weight: 400; color: #004052; font-family: Montserrat; line-height: 2;\">&#8211; Crear una cuenta de Usuario para dar de alta al Usuario en los sistemas de informaci\u00f3n de ZIGURAT.<br \/>\n&#8211; Ejecutar el proceso de compra.<br \/>\n&#8211; Creaci\u00f3n de una cuenta de Usuario para acceder a los contenidos.<br \/>\n&#8211; Realizar comunicaciones en relaci\u00f3n al servicio adquirido y servicio post venta.<br \/>\n&#8211; Atender consultas del Usuario.<br \/>\n&#8211; Facturar y gesti\u00f3n de cobros\/pagos al Alumno.<br \/>\n&#8211; Ejecutar el servicio.<\/td>\n<td style=\"border: 1px solid black; padding: 15px; font-weight: 400; color: #004052; font-family: Montserrat; line-height: 2;\">Ejecuci\u00f3n de un contrato (Art. 6.1 b RGPD)<\/td>\n<td style=\"border: 1px solid black; padding: 15px; font-weight: 400; color: #004052; font-family: Montserrat; line-height: 2;\">El tratamiento de datos resulta necesario para desarrollar y cumplir con las obligaciones derivadas de la relaci\u00f3n contractual existente.<\/td>\n<\/tr>\n<tr>\n<td style=\"border: 1px solid black; padding: 15px; font-weight: 400; color: #004052; font-family: Montserrat; line-height: 2;\">&#8211; Comunicaciones comerciales al Alumno: Enviar comunicaciones comerciales de nuestros programas docentes, servicios y actividades.<br \/>\n&#8211; Elaborar estad\u00edsticas con fines comerciales<\/td>\n<td style=\"border: 1px solid black; padding: 15px; font-weight: 400; color: #004052; font-family: Montserrat; line-height: 2;\">Inter\u00e9s leg\u00edtimo (Art. 6.1 f RGPD)<\/td>\n<td style=\"border: 1px solid black; padding: 15px; font-weight: 400; color: #004052; font-family: Montserrat; line-height: 2;\">Existe un claro inter\u00e9s en los productos de ZIGURAT, por lo que enviar comunicaciones comerciales sobre los mismos no contradice los intereses del titular del dato<\/td>\n<\/tr>\n<tr>\n<td style=\"border: 1px solid black; padding: 15px; font-weight: 400; color: #004052; font-family: Montserrat; line-height: 2;\">&#8211; Comunicaciones comerciales al usuario que ha creado cuenta de usuario sin realizar compra.<\/td>\n<td style=\"border: 1px solid black; padding: 15px; font-weight: 400; color: #004052; font-family: Montserrat; line-height: 2;\">Consentimiento (Art. 6.1 a)<\/td>\n<\/tr>\n<tr>\n<td style=\"border: 1px solid black; padding: 15px; font-weight: 400; color: #004052; font-family: Montserrat; line-height: 2;\">&#8211; Acciones de remarketing ,mediante el uso de tu informaci\u00f3n para ofrecerte anuncios de nuestros productos que te podr\u00e1n aparecer cuando navegues en otras p\u00e1ginas web.<\/td>\n<td style=\"border: 1px solid black; padding: 15px; font-weight: 400; color: #004052; font-family: Montserrat; line-height: 2;\">Consentimiento (Art. 6.1 a)<\/td>\n<\/tr>\n<\/tbody>\n<\/table>\n<p>[\/vc_column_text][vc_column_text]<\/p>\n<p style=\"font-weight: 400; color: #004052; font-family: Montserrat; line-height: 2;\"><strong>CONSERVACI\u00d3N DE LOS DATOS: \u00bfDurante cu\u00e1nto tiempo conservaremos tus datos?<\/strong><\/p>\n<p style=\"font-weight: 400; color: #004052; font-family: Montserrat; line-height: 2;\">En t\u00e9rminos generales ZIGURAT conservar\u00e1 datos cuando dicha conservaci\u00f3n sea necesaria y est\u00e9 justificada por los siguientes motivos:<\/p>\n<p style=\"font-weight: 400; color: #004052; font-family: Montserrat; line-height: 2;\">&#8211; Los datos y documentaci\u00f3n conservados justifiquen la prestaci\u00f3n del servicio, y se conserven durante los plazos de prescripci\u00f3n de acciones que pudieran derivarse de la prestaci\u00f3n del servicio.<br \/>\n&#8211; Una norma imponga la obligaci\u00f3n de conservar los datos.<\/p>\n<p style=\"font-weight: 400; color: #004052; font-family: Montserrat; line-height: 2;\">De acuerdo con lo anterior se informa de los siguientes <strong>PLAZOS DE CONSERVACI\u00d3N:<\/strong><\/p>\n<p style=\"font-weight: 400; color: #004052; font-family: Montserrat; line-height: 2;\"><strong>Datos tratados dentro del proceso de compra y ejecuci\u00f3n del servicio:<\/strong> no ser\u00e1n conservados m\u00e1s all\u00e1 del plazo necesario para atender a posibles responsabilidades que deriven de dicho proceso y prestaci\u00f3n del servicio.<\/p>\n<p style=\"font-weight: 400; color: #004052; font-family: Montserrat; line-height: 2;\"><strong>Datos de contacto para el servicio de env\u00edo de comunicaciones comerciales:<\/strong> se conservar\u00e1n mientras el usuario no solicite su baja del servicio.<\/p>\n<p style=\"font-weight: 400; color: #004052; font-family: Montserrat; line-height: 2;\"><strong>DESTINATARIOS: \u00bfA qui\u00e9n comunicamos tus datos personales?.<br \/>\n<\/strong><\/p>\n<p style=\"font-weight: 400; color: #004052; font-family: Montserrat; line-height: 2;\">Para cumplir con las finalidades antes indicadas y con las obligaciones contractuales, debemos compartir tus datos con:<br \/>\n&#8211; Empresas proveedoras de servicios de Sociedad de la informaci\u00f3n, tales como servicio de alojamiento web, servicio de correo electr\u00f3nico y servicio cloud de almacenamiento.<br \/>\n&#8211; Empresas de servicios de comunicaci\u00f3n y marketing (Agencia de publicidad).<br \/>\n&#8211; Proveedores con los que ZIGURAT mantiene relaciones comerciales necesarias para prestar el servicio contratado.<br \/>\n&#8211; Entidades bancarias, en su caso.<br \/>\n&#8211; Agencia Tributaria y Administraciones P\u00fablicas cuando ello sea necesario para cumplir con obligaciones legales.<br \/>\n&#8211; Empresas de asesor\u00eda legal y contable.<\/p>\n<p style=\"font-weight: 400; color: #004052; font-family: Montserrat; line-height: 2;\"><strong>DERECHOS<\/strong><\/p>\n<p style=\"font-weight: 400; color: #004052; font-family: Montserrat; line-height: 2;\">Como titular de los datos de car\u00e1cter personal facilitados a continuaci\u00f3n te informamos de tus derechos:<br \/>\n&#8211; Acceder a sus datos personales.<br \/>\n&#8211; Rectificar y suprimir sus datos personales.<br \/>\n&#8211; Derecho de oposici\u00f3n, cuando concurran los supuestos regulados en la normativa sobre protecci\u00f3n de datos.<br \/>\n&#8211; Derecho a limitar el tratamiento de sus datos cuando concurran los supuestos regulados en la normativa sobre protecci\u00f3n de datos.<br \/>\n&#8211; Derecho a la portabilidad de sus datos cuando concurran los supuestos regulados en la normativa sobre protecci\u00f3n de datos.<br \/>\n&#8211; A presentar una denuncia o un escrito para la tutela de sus derechos ante la Agencia Espa\u00f1ola de Protecci\u00f3n de datos.<\/p>\n<p style=\"font-weight: 400; color: #004052; font-family: Montserrat; line-height: 2;\">El ejercicio de los derechos puede ejercerse mediante el env\u00edo de un correo electr\u00f3nico a la direcci\u00f3n <a href=\"info@e-zigurat.com\">info@e-zigurat.com<\/a>. En el asunto puede indicar \u201cEjercicio de derecho\u201d y en el texto del e-mail, especificar que derecho quiere ejercer. Nosotros contactaremos lo antes posible respondiendo a su email para facilitarle el formulario necesario para ejercitar el derecho en cuesti\u00f3n.<\/p>\n<p style=\"font-weight: 400; color: #004052; font-family: Montserrat; line-height: 2;\"><strong>MEDIDAS DE SEGURIDAD<\/strong><\/p>\n<p style=\"font-weight: 400; color: #004052; font-family: Montserrat; line-height: 2;\"><strong>ZIGURAT<\/strong> tratar\u00e1 los datos personales de los que es Responsable, respetando en todo caso, su confidencialidad, para ello adoptar\u00e1 aquellas medidas t\u00e9cnicas y organizativas necesarias para garantizar la seguridad de sus datos, su confidencialidad, integridad y accesibilidad, teniendo en cuenta el estado de la t\u00e9cnica y su capacidad y disponibilidad de recursos.<\/p>\n<p>[\/vc_column_text][\/vc_column][\/vc_row]<\/p>\n<\/section>","protected":false},"excerpt":{"rendered":"<p>[vc_row][vc_column][vc_column_text] AVISO LEGAL CONDICIONES GENERALES [\/vc_column_text][vc_custom_heading text=\u00bbPOL\u00cdTICA DE PRIVACIDAD\u00bb font_container=\u00bbtag:h2|text_align:center|color:%230e3f50&#8243; google_fonts=\u00bbfont_family:Montserrat%3Aregular%2C700|font_style:700%20bold%20regular%3A700%3Anormal\u00bb][\/vc_column][\/vc_row][vc_row][vc_column][vc_empty_space height=\u00bb20px\u00bb][\/vc_column][\/vc_row][vc_row][vc_column][vc_column_text] INFORMACI\u00d3N SOBRE NUESTRA POL\u00cdTICA DE PROTECCI\u00d3N DE DATOS DE CAR\u00c1CTER PERSONAL De conformidad con los dispuesto en el REGLAMENTO (UE) 2016\/679 DEL PARLAMENTO EUROPEO Y DEL CONSEJO de 27 de abril de 2016 relativo a la protecci\u00f3n de las personas f\u00edsicas en lo [&hellip;]<\/p>\n","protected":false},"author":14,"featured_media":0,"parent":0,"menu_order":0,"comment_status":"closed","ping_status":"closed","template":"","meta":{"footnotes":""},"yoast_head":"<!-- This site is optimized with the Yoast SEO plugin v23.0 - https:\/\/yoast.com\/wordpress\/plugins\/seo\/ -->\n<title>Pol\u00edtica de privacidad - Rooftop<\/title>\n<meta name=\"description\" content=\"Pol\u00edtica de privacidad: proporciona la informaci\u00f3n necesaria sobre la gesti\u00f3n y el tratamiento de los datos personales recogidos en esta web.\" \/>\n<meta name=\"robots\" content=\"index, follow, max-snippet:-1, max-image-preview:large, max-video-preview:-1\" \/>\n<link rel=\"canonical\" href=\"https:\/\/rooftop.education\/es\/politica-de-privacidad\/\" \/>\n<meta property=\"og:locale\" content=\"es_ES\" \/>\n<meta property=\"og:type\" content=\"article\" \/>\n<meta property=\"og:title\" content=\"Pol\u00edtica de privacidad - Rooftop\" \/>\n<meta property=\"og:description\" content=\"Pol\u00edtica de privacidad: proporciona la informaci\u00f3n necesaria sobre la gesti\u00f3n y el tratamiento de los datos personales recogidos en esta web.\" \/>\n<meta property=\"og:url\" content=\"https:\/\/rooftop.education\/es\/politica-de-privacidad\/\" \/>\n<meta property=\"og:site_name\" content=\"RoofTop\" \/>\n<meta property=\"article:modified_time\" content=\"2021-10-22T12:22:22+00:00\" \/>\n<meta name=\"twitter:card\" content=\"summary_large_image\" \/>\n<meta name=\"twitter:label1\" content=\"Tiempo de lectura\" \/>\n\t<meta name=\"twitter:data1\" content=\"4 minutos\" \/>\n<script type=\"application\/ld+json\" class=\"yoast-schema-graph\">{\"@context\":\"https:\/\/schema.org\",\"@graph\":[{\"@type\":\"WebPage\",\"@id\":\"https:\/\/rooftop.education\/es\/politica-de-privacidad\/\",\"url\":\"https:\/\/rooftop.education\/es\/politica-de-privacidad\/\",\"name\":\"Pol\u00edtica de privacidad - Rooftop\",\"isPartOf\":{\"@id\":\"https:\/\/rooftop.e-zigurat.com\/pt-br\/#website\"},\"datePublished\":\"2021-05-26T11:42:29+00:00\",\"dateModified\":\"2021-10-22T12:22:22+00:00\",\"description\":\"Pol\u00edtica de privacidad: proporciona la informaci\u00f3n necesaria sobre la gesti\u00f3n y el tratamiento de los datos personales recogidos en esta web.\",\"breadcrumb\":{\"@id\":\"https:\/\/rooftop.education\/es\/politica-de-privacidad\/#breadcrumb\"},\"inLanguage\":\"es\",\"potentialAction\":[{\"@type\":\"ReadAction\",\"target\":[\"https:\/\/rooftop.education\/es\/politica-de-privacidad\/\"]}]},{\"@type\":\"BreadcrumbList\",\"@id\":\"https:\/\/rooftop.education\/es\/politica-de-privacidad\/#breadcrumb\",\"itemListElement\":[{\"@type\":\"ListItem\",\"position\":1,\"name\":\"Portada\",\"item\":\"https:\/\/rooftop.education\/es\/\"},{\"@type\":\"ListItem\",\"position\":2,\"name\":\"POL\u00cdTICA DE PRIVACIDAD\"}]},{\"@type\":\"WebSite\",\"@id\":\"https:\/\/rooftop.e-zigurat.com\/pt-br\/#website\",\"url\":\"https:\/\/rooftop.e-zigurat.com\/pt-br\/\",\"name\":\"RoofTop\",\"description\":\"\",\"publisher\":{\"@id\":\"https:\/\/rooftop.e-zigurat.com\/pt-br\/#organization\"},\"potentialAction\":[{\"@type\":\"SearchAction\",\"target\":{\"@type\":\"EntryPoint\",\"urlTemplate\":\"https:\/\/rooftop.e-zigurat.com\/pt-br\/?s={search_term_string}\"},\"query-input\":\"required name=search_term_string\"}],\"inLanguage\":\"es\"},{\"@type\":\"Organization\",\"@id\":\"https:\/\/rooftop.e-zigurat.com\/pt-br\/#organization\",\"name\":\"Rooftop\",\"url\":\"https:\/\/rooftop.e-zigurat.com\/pt-br\/\",\"logo\":{\"@type\":\"ImageObject\",\"inLanguage\":\"es\",\"@id\":\"https:\/\/rooftop.e-zigurat.com\/pt-br\/#\/schema\/logo\/image\/\",\"url\":\"https:\/\/rooftop.education\/wp-content\/uploads\/2021\/04\/HD_Rooftop_logo_Color-490x109.png\",\"contentUrl\":\"https:\/\/rooftop.education\/wp-content\/uploads\/2021\/04\/HD_Rooftop_logo_Color-490x109.png\",\"width\":494,\"height\":110,\"caption\":\"Rooftop\"},\"image\":{\"@id\":\"https:\/\/rooftop.e-zigurat.com\/pt-br\/#\/schema\/logo\/image\/\"}}]}<\/script>\n<!-- \/ Yoast SEO plugin. -->","yoast_head_json":{"title":"Pol\u00edtica de privacidad - Rooftop","description":"Pol\u00edtica de privacidad: proporciona la informaci\u00f3n necesaria sobre la gesti\u00f3n y el tratamiento de los datos personales recogidos en esta web.","robots":{"index":"index","follow":"follow","max-snippet":"max-snippet:-1","max-image-preview":"max-image-preview:large","max-video-preview":"max-video-preview:-1"},"canonical":"https:\/\/rooftop.education\/es\/politica-de-privacidad\/","og_locale":"es_ES","og_type":"article","og_title":"Pol\u00edtica de privacidad - Rooftop","og_description":"Pol\u00edtica de privacidad: proporciona la informaci\u00f3n necesaria sobre la gesti\u00f3n y el tratamiento de los datos personales recogidos en esta web.","og_url":"https:\/\/rooftop.education\/es\/politica-de-privacidad\/","og_site_name":"RoofTop","article_modified_time":"2021-10-22T12:22:22+00:00","twitter_card":"summary_large_image","twitter_misc":{"Tiempo de lectura":"4 minutos"},"schema":{"@context":"https:\/\/schema.org","@graph":[{"@type":"WebPage","@id":"https:\/\/rooftop.education\/es\/politica-de-privacidad\/","url":"https:\/\/rooftop.education\/es\/politica-de-privacidad\/","name":"Pol\u00edtica de privacidad - Rooftop","isPartOf":{"@id":"https:\/\/rooftop.e-zigurat.com\/pt-br\/#website"},"datePublished":"2021-05-26T11:42:29+00:00","dateModified":"2021-10-22T12:22:22+00:00","description":"Pol\u00edtica de privacidad: proporciona la informaci\u00f3n necesaria sobre la gesti\u00f3n y el tratamiento de los datos personales recogidos en esta web.","breadcrumb":{"@id":"https:\/\/rooftop.education\/es\/politica-de-privacidad\/#breadcrumb"},"inLanguage":"es","potentialAction":[{"@type":"ReadAction","target":["https:\/\/rooftop.education\/es\/politica-de-privacidad\/"]}]},{"@type":"BreadcrumbList","@id":"https:\/\/rooftop.education\/es\/politica-de-privacidad\/#breadcrumb","itemListElement":[{"@type":"ListItem","position":1,"name":"Portada","item":"https:\/\/rooftop.education\/es\/"},{"@type":"ListItem","position":2,"name":"POL\u00cdTICA DE PRIVACIDAD"}]},{"@type":"WebSite","@id":"https:\/\/rooftop.e-zigurat.com\/pt-br\/#website","url":"https:\/\/rooftop.e-zigurat.com\/pt-br\/","name":"RoofTop","description":"","publisher":{"@id":"https:\/\/rooftop.e-zigurat.com\/pt-br\/#organization"},"potentialAction":[{"@type":"SearchAction","target":{"@type":"EntryPoint","urlTemplate":"https:\/\/rooftop.e-zigurat.com\/pt-br\/?s={search_term_string}"},"query-input":"required name=search_term_string"}],"inLanguage":"es"},{"@type":"Organization","@id":"https:\/\/rooftop.e-zigurat.com\/pt-br\/#organization","name":"Rooftop","url":"https:\/\/rooftop.e-zigurat.com\/pt-br\/","logo":{"@type":"ImageObject","inLanguage":"es","@id":"https:\/\/rooftop.e-zigurat.com\/pt-br\/#\/schema\/logo\/image\/","url":"https:\/\/rooftop.education\/wp-content\/uploads\/2021\/04\/HD_Rooftop_logo_Color-490x109.png","contentUrl":"https:\/\/rooftop.education\/wp-content\/uploads\/2021\/04\/HD_Rooftop_logo_Color-490x109.png","width":494,"height":110,"caption":"Rooftop"},"image":{"@id":"https:\/\/rooftop.e-zigurat.com\/pt-br\/#\/schema\/logo\/image\/"}}]}},"_links":{"self":[{"href":"https:\/\/rooftop.education\/es\/wp-json\/wp\/v2\/pages\/6123"}],"collection":[{"href":"https:\/\/rooftop.education\/es\/wp-json\/wp\/v2\/pages"}],"about":[{"href":"https:\/\/rooftop.education\/es\/wp-json\/wp\/v2\/types\/page"}],"author":[{"embeddable":true,"href":"https:\/\/rooftop.education\/es\/wp-json\/wp\/v2\/users\/14"}],"replies":[{"embeddable":true,"href":"https:\/\/rooftop.education\/es\/wp-json\/wp\/v2\/comments?post=6123"}],"version-history":[{"count":3,"href":"https:\/\/rooftop.education\/es\/wp-json\/wp\/v2\/pages\/6123\/revisions"}],"predecessor-version":[{"id":7612,"href":"https:\/\/rooftop.education\/es\/wp-json\/wp\/v2\/pages\/6123\/revisions\/7612"}],"wp:attachment":[{"href":"https:\/\/rooftop.education\/es\/wp-json\/wp\/v2\/media?parent=6123"}],"curies":[{"name":"wp","href":"https:\/\/api.w.org\/{rel}","templated":true}]}}