{"id":975,"date":"2018-05-21T05:11:56","date_gmt":"2018-05-21T05:11:56","guid":{"rendered":"http:\/\/lmsdemo.loc\/dark-lms\/?page_id=2"},"modified":"2021-11-05T13:32:22","modified_gmt":"2021-11-05T12:32:22","slug":"courses","status":"publish","type":"page","link":"https:\/\/rooftop.education\/es\/courses\/","title":{"rendered":"Cursos Online Rooftop"},"content":{"rendered":"","protected":false},"excerpt":{"rendered":"","protected":false},"author":1,"featured_media":0,"parent":0,"menu_order":0,"comment_status":"closed","ping_status":"closed","template":"","meta":{"footnotes":""},"yoast_head":"<!-- This site is optimized with the Yoast SEO plugin v23.0 - https:\/\/yoast.com\/wordpress\/plugins\/seo\/ -->\n<title>Cursos Online Rooftop - Arquitectura, Ingenier\u00eda e Innovaci\u00f3n<\/title>\n<meta name=\"description\" content=\"Los Cursos Online de Rooftop te preparar\u00e1n para llegar al nivel m\u00e1s alto de tu profesi\u00f3n. Formaci\u00f3n \u00c1gil, Flexible y a la Carta.\" \/>\n<meta name=\"robots\" content=\"index, follow, max-snippet:-1, max-image-preview:large, max-video-preview:-1\" \/>\n<link rel=\"canonical\" href=\"https:\/\/rooftop.education\/es\/courses\/\" \/>\n<meta property=\"og:locale\" content=\"es_ES\" \/>\n<meta property=\"og:type\" content=\"article\" \/>\n<meta property=\"og:title\" content=\"Cursos Online Rooftop - Arquitectura, Ingenier\u00eda e Innovaci\u00f3n\" \/>\n<meta property=\"og:description\" content=\"Los Cursos Online de Rooftop te preparar\u00e1n para llegar al nivel m\u00e1s alto de tu profesi\u00f3n. Formaci\u00f3n \u00c1gil, Flexible y a la Carta.\" \/>\n<meta property=\"og:url\" content=\"https:\/\/rooftop.education\/es\/courses\/\" \/>\n<meta property=\"og:site_name\" content=\"RoofTop\" \/>\n<meta property=\"article:modified_time\" content=\"2021-11-05T12:32:22+00:00\" \/>\n<meta name=\"twitter:card\" content=\"summary_large_image\" \/>\n<script type=\"application\/ld+json\" class=\"yoast-schema-graph\">{\"@context\":\"https:\/\/schema.org\",\"@graph\":[{\"@type\":\"WebPage\",\"@id\":\"https:\/\/rooftop.education\/es\/courses\/\",\"url\":\"https:\/\/rooftop.education\/es\/courses\/\",\"name\":\"Cursos Online Rooftop - Arquitectura, Ingenier\u00eda e Innovaci\u00f3n\",\"isPartOf\":{\"@id\":\"https:\/\/rooftop.e-zigurat.com\/pt-br\/#website\"},\"datePublished\":\"2018-05-21T05:11:56+00:00\",\"dateModified\":\"2021-11-05T12:32:22+00:00\",\"description\":\"Los Cursos Online de Rooftop te preparar\u00e1n para llegar al nivel m\u00e1s alto de tu profesi\u00f3n. Formaci\u00f3n \u00c1gil, Flexible y a la Carta.\",\"breadcrumb\":{\"@id\":\"https:\/\/rooftop.education\/es\/courses\/#breadcrumb\"},\"inLanguage\":\"es\",\"potentialAction\":[{\"@type\":\"ReadAction\",\"target\":[\"https:\/\/rooftop.education\/es\/courses\/\"]}]},{\"@type\":\"BreadcrumbList\",\"@id\":\"https:\/\/rooftop.education\/es\/courses\/#breadcrumb\",\"itemListElement\":[{\"@type\":\"ListItem\",\"position\":1,\"name\":\"Portada\",\"item\":\"https:\/\/rooftop.education\/es\/\"},{\"@type\":\"ListItem\",\"position\":2,\"name\":\"Cursos Online Rooftop\"}]},{\"@type\":\"WebSite\",\"@id\":\"https:\/\/rooftop.e-zigurat.com\/pt-br\/#website\",\"url\":\"https:\/\/rooftop.e-zigurat.com\/pt-br\/\",\"name\":\"RoofTop\",\"description\":\"\",\"publisher\":{\"@id\":\"https:\/\/rooftop.e-zigurat.com\/pt-br\/#organization\"},\"potentialAction\":[{\"@type\":\"SearchAction\",\"target\":{\"@type\":\"EntryPoint\",\"urlTemplate\":\"https:\/\/rooftop.e-zigurat.com\/pt-br\/?s={search_term_string}\"},\"query-input\":\"required name=search_term_string\"}],\"inLanguage\":\"es\"},{\"@type\":\"Organization\",\"@id\":\"https:\/\/rooftop.e-zigurat.com\/pt-br\/#organization\",\"name\":\"Rooftop\",\"url\":\"https:\/\/rooftop.e-zigurat.com\/pt-br\/\",\"logo\":{\"@type\":\"ImageObject\",\"inLanguage\":\"es\",\"@id\":\"https:\/\/rooftop.e-zigurat.com\/pt-br\/#\/schema\/logo\/image\/\",\"url\":\"https:\/\/rooftop.education\/wp-content\/uploads\/2021\/04\/HD_Rooftop_logo_Color-490x109.png\",\"contentUrl\":\"https:\/\/rooftop.education\/wp-content\/uploads\/2021\/04\/HD_Rooftop_logo_Color-490x109.png\",\"width\":494,\"height\":110,\"caption\":\"Rooftop\"},\"image\":{\"@id\":\"https:\/\/rooftop.e-zigurat.com\/pt-br\/#\/schema\/logo\/image\/\"}}]}<\/script>\n<!-- \/ Yoast SEO plugin. -->","yoast_head_json":{"title":"Cursos Online Rooftop - Arquitectura, Ingenier\u00eda e Innovaci\u00f3n","description":"Los Cursos Online de Rooftop te preparar\u00e1n para llegar al nivel m\u00e1s alto de tu profesi\u00f3n. Formaci\u00f3n \u00c1gil, Flexible y a la Carta.","robots":{"index":"index","follow":"follow","max-snippet":"max-snippet:-1","max-image-preview":"max-image-preview:large","max-video-preview":"max-video-preview:-1"},"canonical":"https:\/\/rooftop.education\/es\/courses\/","og_locale":"es_ES","og_type":"article","og_title":"Cursos Online Rooftop - Arquitectura, Ingenier\u00eda e Innovaci\u00f3n","og_description":"Los Cursos Online de Rooftop te preparar\u00e1n para llegar al nivel m\u00e1s alto de tu profesi\u00f3n. Formaci\u00f3n \u00c1gil, Flexible y a la Carta.","og_url":"https:\/\/rooftop.education\/es\/courses\/","og_site_name":"RoofTop","article_modified_time":"2021-11-05T12:32:22+00:00","twitter_card":"summary_large_image","schema":{"@context":"https:\/\/schema.org","@graph":[{"@type":"WebPage","@id":"https:\/\/rooftop.education\/es\/courses\/","url":"https:\/\/rooftop.education\/es\/courses\/","name":"Cursos Online Rooftop - Arquitectura, Ingenier\u00eda e Innovaci\u00f3n","isPartOf":{"@id":"https:\/\/rooftop.e-zigurat.com\/pt-br\/#website"},"datePublished":"2018-05-21T05:11:56+00:00","dateModified":"2021-11-05T12:32:22+00:00","description":"Los Cursos Online de Rooftop te preparar\u00e1n para llegar al nivel m\u00e1s alto de tu profesi\u00f3n. Formaci\u00f3n \u00c1gil, Flexible y a la Carta.","breadcrumb":{"@id":"https:\/\/rooftop.education\/es\/courses\/#breadcrumb"},"inLanguage":"es","potentialAction":[{"@type":"ReadAction","target":["https:\/\/rooftop.education\/es\/courses\/"]}]},{"@type":"BreadcrumbList","@id":"https:\/\/rooftop.education\/es\/courses\/#breadcrumb","itemListElement":[{"@type":"ListItem","position":1,"name":"Portada","item":"https:\/\/rooftop.education\/es\/"},{"@type":"ListItem","position":2,"name":"Cursos Online Rooftop"}]},{"@type":"WebSite","@id":"https:\/\/rooftop.e-zigurat.com\/pt-br\/#website","url":"https:\/\/rooftop.e-zigurat.com\/pt-br\/","name":"RoofTop","description":"","publisher":{"@id":"https:\/\/rooftop.e-zigurat.com\/pt-br\/#organization"},"potentialAction":[{"@type":"SearchAction","target":{"@type":"EntryPoint","urlTemplate":"https:\/\/rooftop.e-zigurat.com\/pt-br\/?s={search_term_string}"},"query-input":"required name=search_term_string"}],"inLanguage":"es"},{"@type":"Organization","@id":"https:\/\/rooftop.e-zigurat.com\/pt-br\/#organization","name":"Rooftop","url":"https:\/\/rooftop.e-zigurat.com\/pt-br\/","logo":{"@type":"ImageObject","inLanguage":"es","@id":"https:\/\/rooftop.e-zigurat.com\/pt-br\/#\/schema\/logo\/image\/","url":"https:\/\/rooftop.education\/wp-content\/uploads\/2021\/04\/HD_Rooftop_logo_Color-490x109.png","contentUrl":"https:\/\/rooftop.education\/wp-content\/uploads\/2021\/04\/HD_Rooftop_logo_Color-490x109.png","width":494,"height":110,"caption":"Rooftop"},"image":{"@id":"https:\/\/rooftop.e-zigurat.com\/pt-br\/#\/schema\/logo\/image\/"}}]}},"_links":{"self":[{"href":"https:\/\/rooftop.education\/es\/wp-json\/wp\/v2\/pages\/975"}],"collection":[{"href":"https:\/\/rooftop.education\/es\/wp-json\/wp\/v2\/pages"}],"about":[{"href":"https:\/\/rooftop.education\/es\/wp-json\/wp\/v2\/types\/page"}],"author":[{"embeddable":true,"href":"https:\/\/rooftop.education\/es\/wp-json\/wp\/v2\/users\/1"}],"replies":[{"embeddable":true,"href":"https:\/\/rooftop.education\/es\/wp-json\/wp\/v2\/comments?post=975"}],"version-history":[{"count":4,"href":"https:\/\/rooftop.education\/es\/wp-json\/wp\/v2\/pages\/975\/revisions"}],"predecessor-version":[{"id":7517,"href":"https:\/\/rooftop.education\/es\/wp-json\/wp\/v2\/pages\/975\/revisions\/7517"}],"wp:attachment":[{"href":"https:\/\/rooftop.education\/es\/wp-json\/wp\/v2\/media?parent=975"}],"curies":[{"name":"wp","href":"https:\/\/api.w.org\/{rel}","templated":true}]}}